{"id":10977,"date":"2026-02-17T17:00:02","date_gmt":"2026-02-17T15:00:02","guid":{"rendered":"https:\/\/celindra.ro\/?page_id=10977"},"modified":"2026-02-17T17:08:03","modified_gmt":"2026-02-17T15:08:03","slug":"politica-de-anulare-comanda","status":"publish","type":"page","link":"https:\/\/celindra.ro\/ro\/politica-de-anulare-comanda\/","title":{"rendered":"Politica de anulare comand\u0103"},"content":{"rendered":"<p>[et_pb_section fb_built=&#8221;1&#8243; _builder_version=&#8221;4.17.4&#8243; _module_preset=&#8221;default&#8221; global_colors_info=&#8221;{}&#8221;][et_pb_row _builder_version=&#8221;4.17.4&#8243; _module_preset=&#8221;default&#8221; global_colors_info=&#8221;{}&#8221;][et_pb_column type=&#8221;4_4&#8243; _builder_version=&#8221;4.17.4&#8243; _module_preset=&#8221;default&#8221; global_colors_info=&#8221;{}&#8221;][et_pb_text _builder_version=&#8221;4.27.5&#8243; _module_preset=&#8221;default&#8221; header_3_text_color=&#8221;#3F3F3F&#8221; header_3_font_size=&#8221;27px&#8221; header_3_line_height=&#8221;2em&#8221; header_4_font=&#8221;Times New Roman||||||||&#8221; header_4_text_color=&#8221;#757575&#8243; global_colors_info=&#8221;{}&#8221;]<\/p>\n<h1 data-start=\"443\" data-end=\"486\">POLITICA DE RETUR \u0218I DREPT DE RETRAGERE<\/h1>\n<hr data-start=\"516\" data-end=\"519\" \/>\n<h2 data-start=\"521\" data-end=\"546\">1. INFORMA\u021aII GENERALE<\/h2>\n<p data-start=\"548\" data-end=\"711\">Prezenta Politic\u0103 de Retur reglementeaz\u0103 condi\u021biile \u00een care clien\u021bii pot returna produsele sau pot solicita rambursarea serviciilor achizi\u021bionate de pe website-ul:<\/p>\n<p data-start=\"713\" data-end=\"732\"><strong data-start=\"713\" data-end=\"732\"><a data-start=\"715\" data-end=\"730\" rel=\"noopener\" target=\"_new\" class=\"decorated-link\" href=\"https:\/\/www.celindra.ro\">www.celindra.ro<span aria-hidden=\"true\" class=\"ms-0.5 inline-block align-middle leading-none\"><svg xmlns=\"http:\/\/www.w3.org\/2000\/svg\" width=\"20\" height=\"20\" aria-hidden=\"true\" data-rtl-flip=\"\" class=\"block h-[0.75em] w-[0.75em] stroke-current stroke-[0.75]\"><use href=\"\/cdn\/assets\/sprites-core-gvfid0kn.svg#304883\" fill=\"currentColor\"><\/use><\/svg><\/span><\/a><\/strong><\/p>\n<p data-start=\"734\" data-end=\"773\">Produsele \u0219i serviciile comercializate:<\/p>\n<ul data-start=\"775\" data-end=\"858\">\n<li data-start=\"775\" data-end=\"800\">\n<p data-start=\"777\" data-end=\"800\">C\u0103r\u021bi \u00een format fizic<\/p>\n<\/li>\n<li data-start=\"801\" data-end=\"858\">\n<p data-start=\"803\" data-end=\"858\">Cursuri cu participare fizic\u0103 (evenimente educa\u021bionale)<\/p>\n<\/li>\n<\/ul>\n<p data-start=\"860\" data-end=\"878\">Politica respect\u0103:<\/p>\n<ul data-start=\"880\" data-end=\"1021\">\n<li data-start=\"880\" data-end=\"933\">\n<p data-start=\"882\" data-end=\"933\">OUG nr. 34\/2014 privind drepturile consumatorilor<\/p>\n<\/li>\n<li data-start=\"934\" data-end=\"971\">\n<p data-start=\"936\" data-end=\"971\">Regulamentul (UE) 2016\/679 (GDPR)<\/p>\n<\/li>\n<li data-start=\"972\" data-end=\"1021\">\n<p data-start=\"974\" data-end=\"1021\">Legisla\u021bia rom\u00e2n\u0103 privind comer\u021bul electronic<\/p>\n<\/li>\n<\/ul>\n<hr data-start=\"1023\" data-end=\"1026\" \/>\n<h2 data-start=\"1028\" data-end=\"1079\">2. DREPTUL DE RETRAGERE \u2014 PRODUSE FIZICE (C\u0102R\u021aI)<\/h2>\n<p data-start=\"1081\" data-end=\"1138\">Clientul are dreptul s\u0103 returneze produsele \u00een termen de:<\/p>\n<p data-start=\"1140\" data-end=\"1217\"><strong data-start=\"1140\" data-end=\"1166\">14 zile calendaristice<\/strong><br data-start=\"1166\" data-end=\"1169\" \/>de la data primirii coletului, f\u0103r\u0103 justificare.<\/p>\n<hr data-start=\"1219\" data-end=\"1222\" \/>\n<h2 data-start=\"1224\" data-end=\"1263\">3. CONDI\u021aII DE ACCEPTARE RETUR C\u0102R\u021aI<\/h2>\n<p data-start=\"1265\" data-end=\"1283\">Produsele trebuie:<\/p>\n<p data-start=\"1285\" data-end=\"1444\">\u2714 s\u0103 fie \u00een aceea\u0219i stare \u00een care au fost livrate<br data-start=\"1334\" data-end=\"1337\" \/>\u2714 s\u0103 nu prezinte urme de utilizare<br data-start=\"1371\" data-end=\"1374\" \/>\u2714 s\u0103 nu fie deteriorate<br data-start=\"1397\" data-end=\"1400\" \/>\u2714 s\u0103 fie \u00een ambalajul original (dac\u0103 exist\u0103)<\/p>\n<hr data-start=\"1446\" data-end=\"1449\" \/>\n<h2 data-start=\"1451\" data-end=\"1479\">4. EXCEP\u021aII RETUR PRODUSE<\/h2>\n<p data-start=\"1481\" data-end=\"1596\">Conform OUG 34\/2014 art. 16, pot exista excep\u021bii pentru produse sigilate desigilate dup\u0103 livrare (dac\u0103 este cazul).<\/p>\n<p data-start=\"1598\" data-end=\"1682\">Pentru c\u0103r\u021bi \u2014 returul este \u00een mod normal acceptat dac\u0103 produsul nu este deteriorat.<\/p>\n<hr data-start=\"1684\" data-end=\"1687\" \/>\n<h2 data-start=\"1689\" data-end=\"1718\">5. PROCEDURA RETUR PRODUSE<\/h2>\n<p data-start=\"1720\" data-end=\"1772\">Solicitarea se trimite la:<br data-start=\"1746\" data-end=\"1749\" \/><strong data-start=\"1749\" data-end=\"1772\"><a data-start=\"1751\" data-end=\"1770\" class=\"decorated-link cursor-pointer\" rel=\"noopener\">contact@celindra.ro<span aria-hidden=\"true\" class=\"ms-0.5 inline-block align-middle leading-none\"><svg xmlns=\"http:\/\/www.w3.org\/2000\/svg\" width=\"20\" height=\"20\" aria-hidden=\"true\" data-rtl-flip=\"\" class=\"block h-[0.75em] w-[0.75em] stroke-current stroke-[0.75]\"><use href=\"\/cdn\/assets\/sprites-core-gvfid0kn.svg#304883\" fill=\"currentColor\"><\/use><\/svg><\/span><\/a><\/strong><\/p>\n<p data-start=\"1774\" data-end=\"1793\">Trebuie s\u0103 con\u021bin\u0103:<\/p>\n<ul data-start=\"1795\" data-end=\"1860\">\n<li data-start=\"1795\" data-end=\"1803\">\n<p data-start=\"1797\" data-end=\"1803\">Nume<\/p>\n<\/li>\n<li data-start=\"1804\" data-end=\"1821\">\n<p data-start=\"1806\" data-end=\"1821\">Num\u0103r comand\u0103<\/p>\n<\/li>\n<li data-start=\"1822\" data-end=\"1841\">\n<p data-start=\"1824\" data-end=\"1841\">Produs returnat<\/p>\n<\/li>\n<li data-start=\"1842\" data-end=\"1860\">\n<p data-start=\"1844\" data-end=\"1860\">Motiv (op\u021bional)<\/p>\n<\/li>\n<\/ul>\n<hr data-start=\"1862\" data-end=\"1865\" \/>\n<h2 data-start=\"1867\" data-end=\"1894\">6. COSTURI RETUR PRODUSE<\/h2>\n<p data-start=\"1896\" data-end=\"1944\">Transport retur suportat de client, cu excep\u021bia:<\/p>\n<ul data-start=\"1946\" data-end=\"1988\">\n<li data-start=\"1946\" data-end=\"1963\">\n<p data-start=\"1948\" data-end=\"1963\">produs defect<\/p>\n<\/li>\n<li data-start=\"1964\" data-end=\"1988\">\n<p data-start=\"1966\" data-end=\"1988\">produs gre\u0219it livrat<\/p>\n<\/li>\n<\/ul>\n<hr data-start=\"1990\" data-end=\"1993\" \/>\n<h2 data-start=\"1995\" data-end=\"2019\">7. RAMBURSARE PRODUSE<\/h2>\n<p data-start=\"2021\" data-end=\"2040\">Se face \u00een maximum:<\/p>\n<p data-start=\"2042\" data-end=\"2068\"><strong data-start=\"2042\" data-end=\"2068\">14 zile calendaristice<\/strong><\/p>\n<p data-start=\"2070\" data-end=\"2102\">Putem am\u00e2na rambursarea p\u00e2n\u0103 la:<\/p>\n<ul data-start=\"2104\" data-end=\"2163\">\n<li data-start=\"2104\" data-end=\"2133\">\n<p data-start=\"2106\" data-end=\"2133\">primirea produsului<br data-start=\"2125\" data-end=\"2128\" \/>sau<\/p>\n<\/li>\n<li data-start=\"2134\" data-end=\"2163\">\n<p data-start=\"2136\" data-end=\"2163\">dovada expedierii returului<\/p>\n<\/li>\n<\/ul>\n<hr data-start=\"2165\" data-end=\"2168\" \/>\n<h1 data-start=\"2170\" data-end=\"2221\">SEC\u021aIUNE SPECIAL\u0102 \u2014 CURSURI CU PARTICIPARE FIZIC\u0102<\/h1>\n<hr data-start=\"2223\" data-end=\"2226\" \/>\n<h2 data-start=\"2228\" data-end=\"2252\">8. NATURA SERVICIULUI<\/h2>\n<p data-start=\"2254\" data-end=\"2322\">Cursurile reprezint\u0103 servicii educa\u021bionale desf\u0103\u0219urate la dat\u0103 fix\u0103.<\/p>\n<p data-start=\"2324\" data-end=\"2443\">Conform OUG 34\/2014 art. 16 lit. l, serviciile legate de activit\u0103\u021bi cu dat\u0103 fix\u0103 pot avea condi\u021bii speciale de anulare.<\/p>\n<hr data-start=\"2445\" data-end=\"2448\" \/>\n<h2 data-start=\"2450\" data-end=\"2482\">9. POLITICA DE REFUND CURSURI<\/h2>\n<p data-start=\"2484\" data-end=\"2544\">Participan\u021bii pot solicita rambursarea taxei de participare:<\/p>\n<p data-start=\"2546\" data-end=\"2616\">\u2714 p\u00e2n\u0103 la <strong data-start=\"2556\" data-end=\"2616\">5 zile calendaristice \u00eenainte de data \u00eenceperii cursului<\/strong><\/p>\n<p data-start=\"2618\" data-end=\"2636\">Dup\u0103 acest termen:<\/p>\n<p data-start=\"2638\" data-end=\"2670\">\u274c taxa nu mai este rambursabil\u0103.<\/p>\n<hr data-start=\"2672\" data-end=\"2675\" \/>\n<h2 data-start=\"2677\" data-end=\"2709\">10. SITUA\u021aII SPECIALE CURSURI<\/h2>\n<p data-start=\"2711\" data-end=\"2746\">Putem oferi, la alegerea companiei:<\/p>\n<ul data-start=\"2748\" data-end=\"2847\">\n<li data-start=\"2748\" data-end=\"2782\">\n<p data-start=\"2750\" data-end=\"2782\">reprogramare la alt curs<br data-start=\"2774\" data-end=\"2777\" \/>sau<\/p>\n<\/li>\n<li data-start=\"2783\" data-end=\"2808\">\n<p data-start=\"2785\" data-end=\"2808\">voucher valoric<br data-start=\"2800\" data-end=\"2803\" \/>sau<\/p>\n<\/li>\n<li data-start=\"2809\" data-end=\"2847\">\n<p data-start=\"2811\" data-end=\"2847\">transfer loc c\u0103tre alt participant<\/p>\n<\/li>\n<\/ul>\n<hr data-start=\"2849\" data-end=\"2852\" \/>\n<h2 data-start=\"2854\" data-end=\"2899\">11. ANULAREA CURSULUI DE C\u0102TRE ORGANIZATOR<\/h2>\n<p data-start=\"2901\" data-end=\"2945\">Dac\u0103 evenimentul este anulat de organizator:<\/p>\n<p data-start=\"2947\" data-end=\"3042\">\u2714 se ramburseaz\u0103 integral suma pl\u0103tit\u0103<br data-start=\"2985\" data-end=\"2988\" \/>sau<br data-start=\"2991\" data-end=\"2994\" \/>\u2714 se ofer\u0103 reprogramare (la alegerea clientului)<\/p>\n<hr data-start=\"3044\" data-end=\"3047\" \/>\n<h2 data-start=\"3049\" data-end=\"3088\">12. PROCEDURA SOLICITARE REFUND CURS<\/h2>\n<p data-start=\"3090\" data-end=\"3116\">Solicitarea se trimite la:<\/p>\n<p data-start=\"3118\" data-end=\"3141\"><strong data-start=\"3118\" data-end=\"3141\"><a data-start=\"3120\" data-end=\"3139\" class=\"decorated-link cursor-pointer\" rel=\"noopener\">contact@celindra.ro<span aria-hidden=\"true\" class=\"ms-0.5 inline-block align-middle leading-none\"><svg xmlns=\"http:\/\/www.w3.org\/2000\/svg\" width=\"20\" height=\"20\" aria-hidden=\"true\" data-rtl-flip=\"\" class=\"block h-[0.75em] w-[0.75em] stroke-current stroke-[0.75]\"><use href=\"\/cdn\/assets\/sprites-core-gvfid0kn.svg#304883\" fill=\"currentColor\"><\/use><\/svg><\/span><\/a><\/strong><\/p>\n<p data-start=\"3143\" data-end=\"3162\">Trebuie s\u0103 con\u021bin\u0103:<\/p>\n<ul data-start=\"3164\" data-end=\"3238\">\n<li data-start=\"3164\" data-end=\"3184\">\n<p data-start=\"3166\" data-end=\"3184\">Nume participant<\/p>\n<\/li>\n<li data-start=\"3185\" data-end=\"3206\">\n<p data-start=\"3187\" data-end=\"3206\">Curs achizi\u021bionat<\/p>\n<\/li>\n<li data-start=\"3207\" data-end=\"3220\">\n<p data-start=\"3209\" data-end=\"3220\">Dat\u0103 curs<\/p>\n<\/li>\n<li data-start=\"3221\" data-end=\"3238\">\n<p data-start=\"3223\" data-end=\"3238\">Num\u0103r comand\u0103<\/p>\n<\/li>\n<\/ul>\n<hr data-start=\"3240\" data-end=\"3243\" \/>\n<h2 data-start=\"3245\" data-end=\"3290\">13. PRODUSE DETERIORATE SAU LIVRATE GRE\u0218IT<\/h2>\n<p data-start=\"3292\" data-end=\"3346\">Trebuie raportate \u00een maximum <strong data-start=\"3321\" data-end=\"3345\">48 ore de la primire<\/strong>.<\/p>\n<p data-start=\"3348\" data-end=\"3385\">Costurile sunt suportate de companie.<\/p>\n<hr data-start=\"3387\" data-end=\"3390\" \/>\n<h2 data-start=\"3392\" data-end=\"3410\">14. REFUZ RETUR<\/h2>\n<p data-start=\"3412\" data-end=\"3442\">Returul poate fi refuzat dac\u0103:<\/p>\n<ul data-start=\"3444\" data-end=\"3554\">\n<li data-start=\"3444\" data-end=\"3482\">\n<p data-start=\"3446\" data-end=\"3482\">produsul este deteriorat de client<\/p>\n<\/li>\n<li data-start=\"3483\" data-end=\"3510\">\n<p data-start=\"3485\" data-end=\"3510\">produsul este incomplet<\/p>\n<\/li>\n<li data-start=\"3511\" data-end=\"3554\">\n<p data-start=\"3513\" data-end=\"3554\">condi\u021biile politicii nu sunt respectate<\/p>\n<\/li>\n<\/ul>\n<hr data-start=\"3556\" data-end=\"3559\" \/>\n<h2 data-start=\"3561\" data-end=\"3575\">15. CONTACT<\/h2>\n<p data-start=\"3577\" data-end=\"3609\">Email:<br data-start=\"3583\" data-end=\"3586\" \/><strong data-start=\"3586\" data-end=\"3609\"><a data-start=\"3588\" data-end=\"3607\" class=\"decorated-link cursor-pointer\" rel=\"noopener\">contact@celindra.ro<span aria-hidden=\"true\" class=\"ms-0.5 inline-block align-middle leading-none\"><svg xmlns=\"http:\/\/www.w3.org\/2000\/svg\" width=\"20\" height=\"20\" aria-hidden=\"true\" data-rtl-flip=\"\" class=\"block h-[0.75em] w-[0.75em] stroke-current stroke-[0.75]\"><use href=\"\/cdn\/assets\/sprites-core-gvfid0kn.svg#304883\" fill=\"currentColor\"><\/use><\/svg><\/span><\/a><\/strong><\/p>\n<hr data-start=\"3611\" data-end=\"3614\" \/>\n<h2 data-start=\"3616\" data-end=\"3642\">16. MODIFIC\u0102RI POLITIC\u0102<\/h2>\n<p data-start=\"3644\" data-end=\"3748\">Ne rezerv\u0103m dreptul de a modifica prezenta politic\u0103.<br data-start=\"3696\" data-end=\"3699\" \/>Versiunea actualizat\u0103 va fi publicat\u0103 pe website.<\/p>\n<p>[\/et_pb_text][\/et_pb_column][\/et_pb_row][\/et_pb_section]<\/p>\n","protected":false},"excerpt":{"rendered":"<p>POLITICA DE RETUR \u0218I DREPT DE RETRAGERE 1. INFORMA\u021aII GENERALE Prezenta Politic\u0103 de Retur reglementeaz\u0103 condi\u021biile \u00een care clien\u021bii pot returna produsele sau pot solicita rambursarea serviciilor achizi\u021bionate de pe website-ul: www.celindra.ro Produsele \u0219i serviciile comercializate: C\u0103r\u021bi \u00een format fizic Cursuri cu participare fizic\u0103 (evenimente educa\u021bionale) Politica respect\u0103: OUG nr. 34\/2014 privind drepturile consumatorilor Regulamentul [&hellip;]<\/p>\n","protected":false},"author":1589,"featured_media":0,"parent":0,"menu_order":0,"comment_status":"closed","ping_status":"closed","template":"","meta":{"tpgb_global_settings":"","_et_pb_use_builder":"on","_et_pb_old_content":"","_et_gb_content_width":"","footnotes":""},"difl_page_category":[],"class_list":["post-10977","page","type-page","status-publish","hentry"],"yoast_head":"<!-- This site is optimized with the Yoast SEO plugin v27.3 - https:\/\/yoast.com\/product\/yoast-seo-wordpress\/ -->\n<title>Politica de anulare comand\u0103 - Celindra<\/title>\n<meta name=\"robots\" content=\"index, follow, max-snippet:-1, max-image-preview:large, max-video-preview:-1\" \/>\n<link rel=\"canonical\" href=\"https:\/\/celindra.ro\/ro\/politica-de-anulare-comanda\/\" \/>\n<meta property=\"og:locale\" content=\"ro_RO\" \/>\n<meta property=\"og:type\" content=\"article\" \/>\n<meta property=\"og:title\" content=\"Politica de anulare comand\u0103 - Celindra\" \/>\n<meta property=\"og:description\" content=\"POLITICA DE RETUR \u0218I DREPT DE RETRAGERE 1. INFORMA\u021aII GENERALE Prezenta Politic\u0103 de Retur reglementeaz\u0103 condi\u021biile \u00een care clien\u021bii pot returna produsele sau pot solicita rambursarea serviciilor achizi\u021bionate de pe website-ul: www.celindra.ro Produsele \u0219i serviciile comercializate: C\u0103r\u021bi \u00een format fizic Cursuri cu participare fizic\u0103 (evenimente educa\u021bionale) Politica respect\u0103: OUG nr. 34\/2014 privind drepturile consumatorilor Regulamentul [&hellip;]\" \/>\n<meta property=\"og:url\" content=\"https:\/\/celindra.ro\/ro\/politica-de-anulare-comanda\/\" \/>\n<meta property=\"og:site_name\" content=\"Celindra\" \/>\n<meta property=\"article:modified_time\" content=\"2026-02-17T15:08:03+00:00\" \/>\n<meta name=\"twitter:card\" content=\"summary_large_image\" \/>\n<script type=\"application\/ld+json\" class=\"yoast-schema-graph\">{\"@context\":\"https:\\\/\\\/schema.org\",\"@graph\":[{\"@type\":\"WebPage\",\"@id\":\"https:\\\/\\\/celindra.ro\\\/politica-de-anulare-comanda\\\/\",\"url\":\"https:\\\/\\\/celindra.ro\\\/politica-de-anulare-comanda\\\/\",\"name\":\"Politica de anulare comand\u0103 - Celindra\",\"isPartOf\":{\"@id\":\"https:\\\/\\\/celindra.ro\\\/#website\"},\"datePublished\":\"2026-02-17T15:00:02+00:00\",\"dateModified\":\"2026-02-17T15:08:03+00:00\",\"breadcrumb\":{\"@id\":\"https:\\\/\\\/celindra.ro\\\/politica-de-anulare-comanda\\\/#breadcrumb\"},\"inLanguage\":\"ro-RO\",\"potentialAction\":[{\"@type\":\"ReadAction\",\"target\":[\"https:\\\/\\\/celindra.ro\\\/politica-de-anulare-comanda\\\/\"]}]},{\"@type\":\"BreadcrumbList\",\"@id\":\"https:\\\/\\\/celindra.ro\\\/politica-de-anulare-comanda\\\/#breadcrumb\",\"itemListElement\":[{\"@type\":\"ListItem\",\"position\":1,\"name\":\"Home\",\"item\":\"https:\\\/\\\/celindra.ro\\\/\"},{\"@type\":\"ListItem\",\"position\":2,\"name\":\"Politica de anulare comand\u0103\"}]},{\"@type\":\"WebSite\",\"@id\":\"https:\\\/\\\/celindra.ro\\\/#website\",\"url\":\"https:\\\/\\\/celindra.ro\\\/\",\"name\":\"Celindra\",\"description\":\"\",\"potentialAction\":[{\"@type\":\"SearchAction\",\"target\":{\"@type\":\"EntryPoint\",\"urlTemplate\":\"https:\\\/\\\/celindra.ro\\\/?s={search_term_string}\"},\"query-input\":{\"@type\":\"PropertyValueSpecification\",\"valueRequired\":true,\"valueName\":\"search_term_string\"}}],\"inLanguage\":\"ro-RO\"}]}<\/script>\n<!-- \/ Yoast SEO plugin. -->","yoast_head_json":{"title":"Politica de anulare comand\u0103 - Celindra","robots":{"index":"index","follow":"follow","max-snippet":"max-snippet:-1","max-image-preview":"max-image-preview:large","max-video-preview":"max-video-preview:-1"},"canonical":"https:\/\/celindra.ro\/ro\/politica-de-anulare-comanda\/","og_locale":"ro_RO","og_type":"article","og_title":"Politica de anulare comand\u0103 - Celindra","og_description":"POLITICA DE RETUR \u0218I DREPT DE RETRAGERE 1. INFORMA\u021aII GENERALE Prezenta Politic\u0103 de Retur reglementeaz\u0103 condi\u021biile \u00een care clien\u021bii pot returna produsele sau pot solicita rambursarea serviciilor achizi\u021bionate de pe website-ul: www.celindra.ro Produsele \u0219i serviciile comercializate: C\u0103r\u021bi \u00een format fizic Cursuri cu participare fizic\u0103 (evenimente educa\u021bionale) Politica respect\u0103: OUG nr. 34\/2014 privind drepturile consumatorilor Regulamentul [&hellip;]","og_url":"https:\/\/celindra.ro\/ro\/politica-de-anulare-comanda\/","og_site_name":"Celindra","article_modified_time":"2026-02-17T15:08:03+00:00","twitter_card":"summary_large_image","schema":{"@context":"https:\/\/schema.org","@graph":[{"@type":"WebPage","@id":"https:\/\/celindra.ro\/politica-de-anulare-comanda\/","url":"https:\/\/celindra.ro\/politica-de-anulare-comanda\/","name":"Politica de anulare comand\u0103 - Celindra","isPartOf":{"@id":"https:\/\/celindra.ro\/#website"},"datePublished":"2026-02-17T15:00:02+00:00","dateModified":"2026-02-17T15:08:03+00:00","breadcrumb":{"@id":"https:\/\/celindra.ro\/politica-de-anulare-comanda\/#breadcrumb"},"inLanguage":"ro-RO","potentialAction":[{"@type":"ReadAction","target":["https:\/\/celindra.ro\/politica-de-anulare-comanda\/"]}]},{"@type":"BreadcrumbList","@id":"https:\/\/celindra.ro\/politica-de-anulare-comanda\/#breadcrumb","itemListElement":[{"@type":"ListItem","position":1,"name":"Home","item":"https:\/\/celindra.ro\/"},{"@type":"ListItem","position":2,"name":"Politica de anulare comand\u0103"}]},{"@type":"WebSite","@id":"https:\/\/celindra.ro\/#website","url":"https:\/\/celindra.ro\/","name":"Celindra","description":"","potentialAction":[{"@type":"SearchAction","target":{"@type":"EntryPoint","urlTemplate":"https:\/\/celindra.ro\/?s={search_term_string}"},"query-input":{"@type":"PropertyValueSpecification","valueRequired":true,"valueName":"search_term_string"}}],"inLanguage":"ro-RO"}]}},"tpgb_featured_images":null,"tpgb_post_meta_info":{"category_list":{"difl_page_category":false},"author_name":false,"author_url":"https:\/\/celindra.ro\/ro\/author\/eduardg\/","author_email":"eduard@faintechsolutions.com","author_website":"","author_description":"","author_facebook":"","author_twitter":"","author_instagram":"","author_role":["administrator"],"author_firstname":"Eduard","author_lastname":"","user_login":"EduardG","author_avatar":"<img alt='' src='https:\/\/secure.gravatar.com\/avatar\/dfc674fc7b250f0282e0717899e9e6821660ced095adf754f40789ec82da3af1?s=200&#038;d=mm&#038;r=g' srcset='https:\/\/secure.gravatar.com\/avatar\/dfc674fc7b250f0282e0717899e9e6821660ced095adf754f40789ec82da3af1?s=400&#038;d=mm&#038;r=g 2x' class='avatar avatar-200 photo' height='200' width='200' loading='lazy' decoding='async'\/>","author_avatar_url":"https:\/\/secure.gravatar.com\/avatar\/dfc674fc7b250f0282e0717899e9e6821660ced095adf754f40789ec82da3af1?s=96&d=mm&r=g","comment_count":0,"post_likes":0,"post_views":0},"tpgb_post_category":[],"_links":{"self":[{"href":"https:\/\/celindra.ro\/ro\/wp-json\/wp\/v2\/pages\/10977","targetHints":{"allow":["GET"]}}],"collection":[{"href":"https:\/\/celindra.ro\/ro\/wp-json\/wp\/v2\/pages"}],"about":[{"href":"https:\/\/celindra.ro\/ro\/wp-json\/wp\/v2\/types\/page"}],"author":[{"embeddable":true,"href":"https:\/\/celindra.ro\/ro\/wp-json\/wp\/v2\/users\/1589"}],"replies":[{"embeddable":true,"href":"https:\/\/celindra.ro\/ro\/wp-json\/wp\/v2\/comments?post=10977"}],"version-history":[{"count":5,"href":"https:\/\/celindra.ro\/ro\/wp-json\/wp\/v2\/pages\/10977\/revisions"}],"predecessor-version":[{"id":10982,"href":"https:\/\/celindra.ro\/ro\/wp-json\/wp\/v2\/pages\/10977\/revisions\/10982"}],"wp:attachment":[{"href":"https:\/\/celindra.ro\/ro\/wp-json\/wp\/v2\/media?parent=10977"}],"wp:term":[{"taxonomy":"difl_page_category","embeddable":true,"href":"https:\/\/celindra.ro\/ro\/wp-json\/wp\/v2\/difl_page_category?post=10977"}],"curies":[{"name":"wp","href":"https:\/\/api.w.org\/{rel}","templated":true}]}}