{"id":10983,"date":"2026-02-17T17:11:00","date_gmt":"2026-02-17T15:11:00","guid":{"rendered":"https:\/\/celindra.ro\/?page_id=10983"},"modified":"2026-02-17T17:16:52","modified_gmt":"2026-02-17T15:16:52","slug":"politica-gdpr","status":"publish","type":"page","link":"https:\/\/celindra.ro\/ro\/politica-gdpr\/","title":{"rendered":"Politica GDPR"},"content":{"rendered":"<p>[et_pb_section fb_built=&#8221;1&#8243; _builder_version=&#8221;4.17.4&#8243; _module_preset=&#8221;default&#8221; global_colors_info=&#8221;{}&#8221; theme_builder_area=&#8221;post_content&#8221;][et_pb_row _builder_version=&#8221;4.17.4&#8243; _module_preset=&#8221;default&#8221; global_colors_info=&#8221;{}&#8221; theme_builder_area=&#8221;post_content&#8221;][et_pb_column type=&#8221;4_4&#8243; _builder_version=&#8221;4.17.4&#8243; _module_preset=&#8221;default&#8221; global_colors_info=&#8221;{}&#8221; theme_builder_area=&#8221;post_content&#8221;][et_pb_text _builder_version=&#8221;4.27.5&#8243; _module_preset=&#8221;default&#8221; header_3_text_color=&#8221;#3F3F3F&#8221; header_3_font_size=&#8221;27px&#8221; header_3_line_height=&#8221;2em&#8221; header_4_font=&#8221;Times New Roman||||||||&#8221; header_4_text_color=&#8221;#757575&#8243; hover_enabled=&#8221;0&#8243; global_colors_info=&#8221;{}&#8221; theme_builder_area=&#8221;post_content&#8221; sticky_enabled=&#8221;0&#8243;]<\/p>\n<h2 data-start=\"416\" data-end=\"472\">Protec\u021bia \u0219i Siguran\u021ba Datelor cu Caracter Personal<\/h2>\n<hr data-start=\"502\" data-end=\"505\" \/>\n<h2 data-start=\"507\" data-end=\"531\">1. OPERATORUL DE DATE<\/h2>\n<p data-start=\"533\" data-end=\"578\">Operatorul datelor cu caracter personal este:<\/p>\n<p data-start=\"580\" data-end=\"786\"><strong data-start=\"580\" data-end=\"610\">CELINDRA CONSULTING S.R.L.<\/strong><br data-start=\"610\" data-end=\"613\" \/>Sediu: Str. CAL DOROBAN\u021aI, Nr. 126-130, Bl. 8, Sc. A, Et. 1, Ap. 5, Bucure\u0219ti<br data-start=\"690\" data-end=\"693\" \/>CUI: <strong data-start=\"698\" data-end=\"710\">53461501<\/strong><br data-start=\"710\" data-end=\"713\" \/>Nr. Reg. Comer\u021bului: <strong data-start=\"734\" data-end=\"752\">J2026004994000<\/strong><br data-start=\"752\" data-end=\"755\" \/>EUID: <strong data-start=\"761\" data-end=\"786\">ROONRC.J2026004994000<\/strong><\/p>\n<p data-start=\"788\" data-end=\"833\">Email contact GDPR:<br data-start=\"807\" data-end=\"810\" \/><strong data-start=\"810\" data-end=\"833\"><a data-start=\"812\" data-end=\"831\" class=\"decorated-link cursor-pointer\" rel=\"noopener\">contact@celindra.ro<span aria-hidden=\"true\" class=\"ms-0.5 inline-block align-middle leading-none\"><svg xmlns=\"http:\/\/www.w3.org\/2000\/svg\" width=\"20\" height=\"20\" aria-hidden=\"true\" data-rtl-flip=\"\" class=\"block h-[0.75em] w-[0.75em] stroke-current stroke-[0.75]\"><use href=\"\/cdn\/assets\/sprites-core-gvfid0kn.svg#304883\" fill=\"currentColor\"><\/use><\/svg><\/span><\/a><\/strong><\/p>\n<hr data-start=\"835\" data-end=\"838\" \/>\n<h2 data-start=\"840\" data-end=\"858\">2. CADRUL LEGAL<\/h2>\n<p data-start=\"860\" data-end=\"902\">Prelucrarea datelor se realizeaz\u0103 conform:<\/p>\n<ul data-start=\"904\" data-end=\"1124\">\n<li data-start=\"904\" data-end=\"943\">\n<p data-start=\"906\" data-end=\"943\">Regulamentului (UE) 2016\/679 \u2014 GDPR<\/p>\n<\/li>\n<li data-start=\"944\" data-end=\"970\">\n<p data-start=\"946\" data-end=\"970\">Legii 190\/2018 Rom\u00e2nia<\/p>\n<\/li>\n<li data-start=\"971\" data-end=\"1022\">\n<p data-start=\"973\" data-end=\"1022\">OUG 34\/2014 (unde este relevant pentru clien\u021bi)<\/p>\n<\/li>\n<li data-start=\"1023\" data-end=\"1061\">\n<p data-start=\"1025\" data-end=\"1061\">Ghidurilor EDPB aplicabile \u00een 2026<\/p>\n<\/li>\n<li data-start=\"1062\" data-end=\"1124\">\n<p data-start=\"1064\" data-end=\"1124\">Legisla\u021biei ePrivacy aplicabile comunica\u021biilor electronice<\/p>\n<\/li>\n<\/ul>\n<hr data-start=\"1126\" data-end=\"1129\" \/>\n<h2 data-start=\"1131\" data-end=\"1168\">3. PRINCIPIILE PRELUCR\u0102RII DATELOR<\/h2>\n<p data-start=\"1170\" data-end=\"1207\">Respect\u0103m urm\u0103toarele principii GDPR:<\/p>\n<h3 data-start=\"1209\" data-end=\"1251\">Legalitate, echitate \u0219i transparen\u021b\u0103<\/h3>\n<p data-start=\"1252\" data-end=\"1296\">Datele sunt prelucrate legal \u0219i transparent.<\/p>\n<h3 data-start=\"1298\" data-end=\"1322\">Limitarea scopului<\/h3>\n<p data-start=\"1323\" data-end=\"1389\">Datele sunt colectate doar pentru scopuri determinate \u0219i legitime.<\/p>\n<h3 data-start=\"1391\" data-end=\"1416\">Minimizarea datelor<\/h3>\n<p data-start=\"1417\" data-end=\"1454\">Colect\u0103m doar datele strict necesare.<\/p>\n<h3 data-start=\"1456\" data-end=\"1481\">Exactitatea datelor<\/h3>\n<p data-start=\"1482\" data-end=\"1518\">Actualiz\u0103m datele c\u00e2nd este necesar.<\/p>\n<h3 data-start=\"1520\" data-end=\"1544\">Limitarea stoc\u0103rii<\/h3>\n<p data-start=\"1545\" data-end=\"1591\">Nu p\u0103str\u0103m datele mai mult dec\u00e2t este necesar.<\/p>\n<h3 data-start=\"1593\" data-end=\"1631\">Integritate \u0219i confiden\u021bialitate<\/h3>\n<p data-start=\"1632\" data-end=\"1687\">Aplic\u0103m m\u0103suri tehnice \u0219i organizatorice de securitate.<\/p>\n<hr data-start=\"1689\" data-end=\"1692\" \/>\n<h2 data-start=\"1694\" data-end=\"1728\">4. CATEGORII DE DATE PRELUCRATE<\/h2>\n<p data-start=\"1730\" data-end=\"1745\">Putem prelucra:<\/p>\n<h3 data-start=\"1747\" data-end=\"1768\">Date identificare<\/h3>\n<ul data-start=\"1769\" data-end=\"1811\">\n<li data-start=\"1769\" data-end=\"1777\">\n<p data-start=\"1771\" data-end=\"1777\">Nume<\/p>\n<\/li>\n<li data-start=\"1778\" data-end=\"1789\">\n<p data-start=\"1780\" data-end=\"1789\">Prenume<\/p>\n<\/li>\n<li data-start=\"1790\" data-end=\"1799\">\n<p data-start=\"1792\" data-end=\"1799\">Email<\/p>\n<\/li>\n<li data-start=\"1800\" data-end=\"1811\">\n<p data-start=\"1802\" data-end=\"1811\">Telefon<\/p>\n<\/li>\n<\/ul>\n<h3 data-start=\"1813\" data-end=\"1832\">Date comerciale<\/h3>\n<ul data-start=\"1833\" data-end=\"1888\">\n<li data-start=\"1833\" data-end=\"1852\">\n<p data-start=\"1835\" data-end=\"1852\">Istoric comenzi<\/p>\n<\/li>\n<li data-start=\"1853\" data-end=\"1864\">\n<p data-start=\"1855\" data-end=\"1864\">Facturi<\/p>\n<\/li>\n<li data-start=\"1865\" data-end=\"1888\">\n<p data-start=\"1867\" data-end=\"1888\">Participare cursuri<\/p>\n<\/li>\n<\/ul>\n<h3 data-start=\"1890\" data-end=\"1906\">Date tehnice<\/h3>\n<ul data-start=\"1907\" data-end=\"1950\">\n<li data-start=\"1907\" data-end=\"1913\">\n<p data-start=\"1909\" data-end=\"1913\">IP<\/p>\n<\/li>\n<li data-start=\"1914\" data-end=\"1924\">\n<p data-start=\"1916\" data-end=\"1924\">Device<\/p>\n<\/li>\n<li data-start=\"1925\" data-end=\"1936\">\n<p data-start=\"1927\" data-end=\"1936\">Browser<\/p>\n<\/li>\n<li data-start=\"1937\" data-end=\"1950\">\n<p data-start=\"1939\" data-end=\"1950\">Log acces<\/p>\n<\/li>\n<\/ul>\n<h3 data-start=\"1952\" data-end=\"1971\">Date comunicare<\/h3>\n<ul data-start=\"1972\" data-end=\"2002\">\n<li data-start=\"1972\" data-end=\"1989\">\n<p data-start=\"1974\" data-end=\"1989\">Mesaje suport<\/p>\n<\/li>\n<li data-start=\"1990\" data-end=\"2002\">\n<p data-start=\"1992\" data-end=\"2002\">Emailuri<\/p>\n<\/li>\n<\/ul>\n<hr data-start=\"2004\" data-end=\"2007\" \/>\n<h2 data-start=\"2009\" data-end=\"2036\">5. SCOPURILE PRELUCR\u0102RII<\/h2>\n<p data-start=\"2038\" data-end=\"2067\">Datele sunt utilizate pentru:<\/p>\n<ul data-start=\"2069\" data-end=\"2293\">\n<li data-start=\"2069\" data-end=\"2109\">\n<p data-start=\"2071\" data-end=\"2109\">Furnizarea serviciilor \u0219i produselor<\/p>\n<\/li>\n<li data-start=\"2110\" data-end=\"2135\">\n<p data-start=\"2112\" data-end=\"2135\">Procesarea comenzilor<\/p>\n<\/li>\n<li data-start=\"2136\" data-end=\"2169\">\n<p data-start=\"2138\" data-end=\"2169\">Organizarea cursurilor fizice<\/p>\n<\/li>\n<li data-start=\"2170\" data-end=\"2200\">\n<p data-start=\"2172\" data-end=\"2200\">Facturare \u0219i contabilitate<\/p>\n<\/li>\n<li data-start=\"2201\" data-end=\"2219\">\n<p data-start=\"2203\" data-end=\"2219\">Suport clien\u021bi<\/p>\n<\/li>\n<li data-start=\"2220\" data-end=\"2237\">\n<p data-start=\"2222\" data-end=\"2237\">Securitate IT<\/p>\n<\/li>\n<li data-start=\"2238\" data-end=\"2258\">\n<p data-start=\"2240\" data-end=\"2258\">Prevenire fraud\u0103<\/p>\n<\/li>\n<li data-start=\"2259\" data-end=\"2293\">\n<p data-start=\"2261\" data-end=\"2293\">Marketing (doar cu consim\u021b\u0103m\u00e2nt)<\/p>\n<\/li>\n<\/ul>\n<hr data-start=\"2295\" data-end=\"2298\" \/>\n<h2 data-start=\"2300\" data-end=\"2321\">6. TEMEIURI LEGALE<\/h2>\n<p data-start=\"2323\" data-end=\"2349\">Prelucrarea se bazeaz\u0103 pe:<\/p>\n<ul data-start=\"2351\" data-end=\"2479\">\n<li data-start=\"2351\" data-end=\"2382\">\n<p data-start=\"2353\" data-end=\"2382\">Consim\u021b\u0103m\u00e2nt (Art. 6(1)(a))<\/p>\n<\/li>\n<li data-start=\"2383\" data-end=\"2410\">\n<p data-start=\"2385\" data-end=\"2410\">Contract (Art. 6(1)(b))<\/p>\n<\/li>\n<li data-start=\"2411\" data-end=\"2446\">\n<p data-start=\"2413\" data-end=\"2446\">Obliga\u021bie legal\u0103 (Art. 6(1)(c))<\/p>\n<\/li>\n<li data-start=\"2447\" data-end=\"2479\">\n<p data-start=\"2449\" data-end=\"2479\">Interes legitim (Art. 6(1)(f))<\/p>\n<\/li>\n<\/ul>\n<hr data-start=\"2481\" data-end=\"2484\" \/>\n<h2 data-start=\"2486\" data-end=\"2525\">7. SECURITATEA DATELOR (M\u0102SURI GDPR)<\/h2>\n<p data-start=\"2527\" data-end=\"2539\">Implement\u0103m:<\/p>\n<h3 data-start=\"2541\" data-end=\"2559\">M\u0103suri tehnice<\/h3>\n<ul data-start=\"2560\" data-end=\"2666\">\n<li data-start=\"2560\" data-end=\"2582\">\n<p data-start=\"2562\" data-end=\"2582\">Criptare HTTPS\/TLS<\/p>\n<\/li>\n<li data-start=\"2583\" data-end=\"2603\">\n<p data-start=\"2585\" data-end=\"2603\">Backup securizat<\/p>\n<\/li>\n<li data-start=\"2604\" data-end=\"2616\">\n<p data-start=\"2606\" data-end=\"2616\">Firewall<\/p>\n<\/li>\n<li data-start=\"2617\" data-end=\"2639\">\n<p data-start=\"2619\" data-end=\"2639\">Monitorizare acces<\/p>\n<\/li>\n<li data-start=\"2640\" data-end=\"2666\">\n<p data-start=\"2642\" data-end=\"2666\">Protec\u021bie anti-malware<\/p>\n<\/li>\n<\/ul>\n<h3 data-start=\"2668\" data-end=\"2694\">M\u0103suri organiza\u021bionale<\/h3>\n<ul data-start=\"2695\" data-end=\"2800\">\n<li data-start=\"2695\" data-end=\"2722\">\n<p data-start=\"2697\" data-end=\"2722\">Acces limitat pe roluri<\/p>\n<\/li>\n<li data-start=\"2723\" data-end=\"2748\">\n<p data-start=\"2725\" data-end=\"2748\">Politici interne GDPR<\/p>\n<\/li>\n<li data-start=\"2749\" data-end=\"2770\">\n<p data-start=\"2751\" data-end=\"2770\">Training personal<\/p>\n<\/li>\n<li data-start=\"2771\" data-end=\"2800\">\n<p data-start=\"2773\" data-end=\"2800\">Audit securitate periodic<\/p>\n<\/li>\n<\/ul>\n<hr data-start=\"2802\" data-end=\"2805\" \/>\n<h2 data-start=\"2807\" data-end=\"2831\">8. PARTAJAREA DATELOR<\/h2>\n<p data-start=\"2833\" data-end=\"2860\">Datele pot fi partajate cu:<\/p>\n<ul data-start=\"2862\" data-end=\"2995\">\n<li data-start=\"2862\" data-end=\"2889\">\n<p data-start=\"2864\" data-end=\"2889\">Furnizori IT \u0219i hosting<\/p>\n<\/li>\n<li data-start=\"2890\" data-end=\"2911\">\n<p data-start=\"2892\" data-end=\"2911\">Procesatori pl\u0103\u021bi<\/p>\n<\/li>\n<li data-start=\"2912\" data-end=\"2946\">\n<p data-start=\"2914\" data-end=\"2946\">Curieri (pentru livrare c\u0103r\u021bi)<\/p>\n<\/li>\n<li data-start=\"2947\" data-end=\"2964\">\n<p data-start=\"2949\" data-end=\"2964\">Contabilitate<\/p>\n<\/li>\n<li data-start=\"2965\" data-end=\"2995\">\n<p data-start=\"2967\" data-end=\"2995\">Autorit\u0103\u021bi (dac\u0103 legea cere)<\/p>\n<\/li>\n<\/ul>\n<p data-start=\"2997\" data-end=\"3036\">To\u021bi partenerii au acorduri GDPR (DPA).<\/p>\n<hr data-start=\"3038\" data-end=\"3041\" \/>\n<h2 data-start=\"3043\" data-end=\"3075\">9. TRANSFERURI INTERNA\u021aIONALE<\/h2>\n<p data-start=\"3077\" data-end=\"3128\">Dac\u0103 datele sunt transferate \u00een afara SEE, folosim:<\/p>\n<ul data-start=\"3130\" data-end=\"3237\">\n<li data-start=\"3130\" data-end=\"3165\">\n<p data-start=\"3132\" data-end=\"3165\">Clauze Contractuale Standard UE<\/p>\n<\/li>\n<li data-start=\"3166\" data-end=\"3202\">\n<p data-start=\"3168\" data-end=\"3202\">Furnizori cu decizie de adecvare<\/p>\n<\/li>\n<li data-start=\"3203\" data-end=\"3237\">\n<p data-start=\"3205\" data-end=\"3237\">M\u0103suri suplimentare securitate<\/p>\n<\/li>\n<\/ul>\n<hr data-start=\"3239\" data-end=\"3242\" \/>\n<h2 data-start=\"3244\" data-end=\"3266\">10. DURATA STOC\u0102RII<\/h2>\n<p data-start=\"3268\" data-end=\"3283\">P\u0103str\u0103m datele:<\/p>\n<ul data-start=\"3285\" data-end=\"3480\">\n<li data-start=\"3285\" data-end=\"3339\">\n<p data-start=\"3287\" data-end=\"3339\">Date clien\u021bi: max. 3 ani de la ultima interac\u021biune<\/p>\n<\/li>\n<li data-start=\"3340\" data-end=\"3381\">\n<p data-start=\"3342\" data-end=\"3381\">Date facturare: 10 ani (lege fiscal\u0103)<\/p>\n<\/li>\n<li data-start=\"3382\" data-end=\"3432\">\n<p data-start=\"3384\" data-end=\"3432\">Date marketing: p\u00e2n\u0103 la retragere consim\u021b\u0103m\u00e2nt<\/p>\n<\/li>\n<li data-start=\"3433\" data-end=\"3480\">\n<p data-start=\"3435\" data-end=\"3480\">Log securitate: conform politicilor interne<\/p>\n<\/li>\n<\/ul>\n<hr data-start=\"3482\" data-end=\"3485\" \/>\n<h2 data-start=\"3487\" data-end=\"3523\">11. DREPTURILE PERSOANELOR VIZATE<\/h2>\n<p data-start=\"3525\" data-end=\"3542\">Ave\u021bi dreptul la:<\/p>\n<ul data-start=\"3544\" data-end=\"3711\">\n<li data-start=\"3544\" data-end=\"3561\">\n<p data-start=\"3546\" data-end=\"3561\">Acces la date<\/p>\n<\/li>\n<li data-start=\"3562\" data-end=\"3577\">\n<p data-start=\"3564\" data-end=\"3577\">Rectificare<\/p>\n<\/li>\n<li data-start=\"3578\" data-end=\"3590\">\n<p data-start=\"3580\" data-end=\"3590\">\u0218tergere<\/p>\n<\/li>\n<li data-start=\"3591\" data-end=\"3609\">\n<p data-start=\"3593\" data-end=\"3609\">Restric\u021bionare<\/p>\n<\/li>\n<li data-start=\"3610\" data-end=\"3627\">\n<p data-start=\"3612\" data-end=\"3627\">Portabilitate<\/p>\n<\/li>\n<li data-start=\"3628\" data-end=\"3640\">\n<p data-start=\"3630\" data-end=\"3640\">Opozi\u021bie<\/p>\n<\/li>\n<li data-start=\"3641\" data-end=\"3667\">\n<p data-start=\"3643\" data-end=\"3667\">Retragere consim\u021b\u0103m\u00e2nt<\/p>\n<\/li>\n<li data-start=\"3668\" data-end=\"3711\">\n<p data-start=\"3670\" data-end=\"3711\">Pl\u00e2ngere la autoritatea de supraveghere<\/p>\n<\/li>\n<\/ul>\n<hr data-start=\"3713\" data-end=\"3716\" \/>\n<h2 data-start=\"3718\" data-end=\"3748\">12. AUTORITATE SUPRAVEGHERE<\/h2>\n<p data-start=\"3750\" data-end=\"3785\"><strong data-start=\"3750\" data-end=\"3761\">ANSPDCP<\/strong><br data-start=\"3761\" data-end=\"3764\" \/><a data-start=\"3764\" data-end=\"3785\" rel=\"noopener\" target=\"_new\" class=\"decorated-link cursor-pointer\">www.dataprotection.ro<span aria-hidden=\"true\" class=\"ms-0.5 inline-block align-middle leading-none\"><svg xmlns=\"http:\/\/www.w3.org\/2000\/svg\" width=\"20\" height=\"20\" aria-hidden=\"true\" data-rtl-flip=\"\" class=\"block h-[0.75em] w-[0.75em] stroke-current stroke-[0.75]\"><use href=\"\/cdn\/assets\/sprites-core-gvfid0kn.svg#304883\" fill=\"currentColor\"><\/use><\/svg><\/span><\/a><\/p>\n<hr data-start=\"3787\" data-end=\"3790\" \/>\n<h2 data-start=\"3792\" data-end=\"3822\">13. INCIDENTE DE SECURITATE<\/h2>\n<p data-start=\"3824\" data-end=\"3861\">\u00cen cazul unui incident de securitate:<\/p>\n<ul data-start=\"3863\" data-end=\"4004\">\n<li data-start=\"3863\" data-end=\"3907\">\n<p data-start=\"3865\" data-end=\"3907\">notific\u0103m autorit\u0103\u021bile dac\u0103 este necesar<\/p>\n<\/li>\n<li data-start=\"3908\" data-end=\"3966\">\n<p data-start=\"3910\" data-end=\"3966\">notific\u0103m persoanele afectate dac\u0103 exist\u0103 risc ridicat<\/p>\n<\/li>\n<li data-start=\"3967\" data-end=\"4004\">\n<p data-start=\"3969\" data-end=\"4004\">investig\u0103m \u0219i corect\u0103m incidentul<\/p>\n<\/li>\n<\/ul>\n<hr data-start=\"4006\" data-end=\"4009\" \/>\n<h2 data-start=\"4011\" data-end=\"4036\">14. COOKIE \u0218I TRACKING<\/h2>\n<p data-start=\"4038\" data-end=\"4083\">Utiliz\u0103m cookie-uri conform Politicii Cookie.<\/p>\n<p data-start=\"4085\" data-end=\"4145\">Cookie-urile neesen\u021biale sunt folosite doar cu consim\u021b\u0103m\u00e2nt.<\/p>\n<hr data-start=\"4147\" data-end=\"4150\" \/>\n<h2 data-start=\"4152\" data-end=\"4170\">15. DATE MINORI<\/h2>\n<p data-start=\"4172\" data-end=\"4227\">Nu colect\u0103m inten\u021bionat date de la persoane sub 16 ani.<\/p>\n<hr data-start=\"4229\" data-end=\"4232\" \/>\n<h2 data-start=\"4234\" data-end=\"4253\">16. CONTACT GDPR<\/h2>\n<p data-start=\"4255\" data-end=\"4284\">Pentru orice solicitare GDPR:<\/p>\n<p data-start=\"4286\" data-end=\"4310\">\ud83d\udce7 <a data-start=\"4289\" data-end=\"4308\" class=\"decorated-link cursor-pointer\" rel=\"noopener\">contact@celindra.ro<span aria-hidden=\"true\" class=\"ms-0.5 inline-block align-middle leading-none\"><svg xmlns=\"http:\/\/www.w3.org\/2000\/svg\" width=\"20\" height=\"20\" aria-hidden=\"true\" data-rtl-flip=\"\" class=\"block h-[0.75em] w-[0.75em] stroke-current stroke-[0.75]\"><use href=\"\/cdn\/assets\/sprites-core-gvfid0kn.svg#304883\" fill=\"currentColor\"><\/use><\/svg><\/span><\/a><\/p>\n<p data-start=\"4312\" data-end=\"4339\">R\u0103spundem \u00een maxim 30 zile.<\/p>\n<hr data-start=\"4341\" data-end=\"4344\" \/>\n<h2 data-start=\"4346\" data-end=\"4373\">17. ACTUALIZ\u0102RI POLITIC\u0102<\/h2>\n<p data-start=\"4375\" data-end=\"4457\">Putem actualiza politica periodic.<br data-start=\"4409\" data-end=\"4412\" \/>Versiunea actual\u0103 va fi publicat\u0103 pe website.<\/p>\n<p>[\/et_pb_text][\/et_pb_column][\/et_pb_row][\/et_pb_section]<\/p>\n","protected":false},"excerpt":{"rendered":"<p>Protec\u021bia \u0219i Siguran\u021ba Datelor cu Caracter Personal 1. OPERATORUL DE DATE Operatorul datelor cu caracter personal este: CELINDRA CONSULTING S.R.L.Sediu: Str. CAL DOROBAN\u021aI, Nr. 126-130, Bl. 8, Sc. A, Et. 1, Ap. 5, Bucure\u0219tiCUI: 53461501Nr. Reg. Comer\u021bului: J2026004994000EUID: ROONRC.J2026004994000 Email contact GDPR:contact@celindra.ro 2. CADRUL LEGAL Prelucrarea datelor se realizeaz\u0103 conform: Regulamentului (UE) 2016\/679 \u2014 GDPR [&hellip;]<\/p>\n","protected":false},"author":1589,"featured_media":0,"parent":0,"menu_order":0,"comment_status":"closed","ping_status":"closed","template":"","meta":{"tpgb_global_settings":"","_et_pb_use_builder":"on","_et_pb_old_content":"","_et_gb_content_width":"","footnotes":""},"difl_page_category":[],"class_list":["post-10983","page","type-page","status-publish","hentry"],"yoast_head":"<!-- This site is optimized with the Yoast SEO plugin v27.3 - https:\/\/yoast.com\/product\/yoast-seo-wordpress\/ -->\n<title>Politica GDPR - Celindra<\/title>\n<meta name=\"robots\" content=\"index, follow, max-snippet:-1, max-image-preview:large, max-video-preview:-1\" \/>\n<link rel=\"canonical\" href=\"https:\/\/celindra.ro\/ro\/politica-gdpr\/\" \/>\n<meta property=\"og:locale\" content=\"ro_RO\" \/>\n<meta property=\"og:type\" content=\"article\" \/>\n<meta property=\"og:title\" content=\"Politica GDPR - Celindra\" \/>\n<meta property=\"og:description\" content=\"Protec\u021bia \u0219i Siguran\u021ba Datelor cu Caracter Personal 1. OPERATORUL DE DATE Operatorul datelor cu caracter personal este: CELINDRA CONSULTING S.R.L.Sediu: Str. CAL DOROBAN\u021aI, Nr. 126-130, Bl. 8, Sc. A, Et. 1, Ap. 5, Bucure\u0219tiCUI: 53461501Nr. Reg. Comer\u021bului: J2026004994000EUID: ROONRC.J2026004994000 Email contact GDPR:contact@celindra.ro 2. CADRUL LEGAL Prelucrarea datelor se realizeaz\u0103 conform: Regulamentului (UE) 2016\/679 \u2014 GDPR [&hellip;]\" \/>\n<meta property=\"og:url\" content=\"https:\/\/celindra.ro\/ro\/politica-gdpr\/\" \/>\n<meta property=\"og:site_name\" content=\"Celindra\" \/>\n<meta property=\"article:modified_time\" content=\"2026-02-17T15:16:52+00:00\" \/>\n<meta name=\"twitter:card\" content=\"summary_large_image\" \/>\n<script type=\"application\/ld+json\" class=\"yoast-schema-graph\">{\"@context\":\"https:\\\/\\\/schema.org\",\"@graph\":[{\"@type\":\"WebPage\",\"@id\":\"https:\\\/\\\/celindra.ro\\\/politica-gdpr\\\/\",\"url\":\"https:\\\/\\\/celindra.ro\\\/politica-gdpr\\\/\",\"name\":\"Politica GDPR - Celindra\",\"isPartOf\":{\"@id\":\"https:\\\/\\\/celindra.ro\\\/#website\"},\"datePublished\":\"2026-02-17T15:11:00+00:00\",\"dateModified\":\"2026-02-17T15:16:52+00:00\",\"breadcrumb\":{\"@id\":\"https:\\\/\\\/celindra.ro\\\/politica-gdpr\\\/#breadcrumb\"},\"inLanguage\":\"ro-RO\",\"potentialAction\":[{\"@type\":\"ReadAction\",\"target\":[\"https:\\\/\\\/celindra.ro\\\/politica-gdpr\\\/\"]}]},{\"@type\":\"BreadcrumbList\",\"@id\":\"https:\\\/\\\/celindra.ro\\\/politica-gdpr\\\/#breadcrumb\",\"itemListElement\":[{\"@type\":\"ListItem\",\"position\":1,\"name\":\"Home\",\"item\":\"https:\\\/\\\/celindra.ro\\\/\"},{\"@type\":\"ListItem\",\"position\":2,\"name\":\"Politica GDPR\"}]},{\"@type\":\"WebSite\",\"@id\":\"https:\\\/\\\/celindra.ro\\\/#website\",\"url\":\"https:\\\/\\\/celindra.ro\\\/\",\"name\":\"Celindra\",\"description\":\"\",\"potentialAction\":[{\"@type\":\"SearchAction\",\"target\":{\"@type\":\"EntryPoint\",\"urlTemplate\":\"https:\\\/\\\/celindra.ro\\\/?s={search_term_string}\"},\"query-input\":{\"@type\":\"PropertyValueSpecification\",\"valueRequired\":true,\"valueName\":\"search_term_string\"}}],\"inLanguage\":\"ro-RO\"}]}<\/script>\n<!-- \/ Yoast SEO plugin. -->","yoast_head_json":{"title":"Politica GDPR - Celindra","robots":{"index":"index","follow":"follow","max-snippet":"max-snippet:-1","max-image-preview":"max-image-preview:large","max-video-preview":"max-video-preview:-1"},"canonical":"https:\/\/celindra.ro\/ro\/politica-gdpr\/","og_locale":"ro_RO","og_type":"article","og_title":"Politica GDPR - Celindra","og_description":"Protec\u021bia \u0219i Siguran\u021ba Datelor cu Caracter Personal 1. OPERATORUL DE DATE Operatorul datelor cu caracter personal este: CELINDRA CONSULTING S.R.L.Sediu: Str. CAL DOROBAN\u021aI, Nr. 126-130, Bl. 8, Sc. A, Et. 1, Ap. 5, Bucure\u0219tiCUI: 53461501Nr. Reg. Comer\u021bului: J2026004994000EUID: ROONRC.J2026004994000 Email contact GDPR:contact@celindra.ro 2. CADRUL LEGAL Prelucrarea datelor se realizeaz\u0103 conform: Regulamentului (UE) 2016\/679 \u2014 GDPR [&hellip;]","og_url":"https:\/\/celindra.ro\/ro\/politica-gdpr\/","og_site_name":"Celindra","article_modified_time":"2026-02-17T15:16:52+00:00","twitter_card":"summary_large_image","schema":{"@context":"https:\/\/schema.org","@graph":[{"@type":"WebPage","@id":"https:\/\/celindra.ro\/politica-gdpr\/","url":"https:\/\/celindra.ro\/politica-gdpr\/","name":"Politica GDPR - Celindra","isPartOf":{"@id":"https:\/\/celindra.ro\/#website"},"datePublished":"2026-02-17T15:11:00+00:00","dateModified":"2026-02-17T15:16:52+00:00","breadcrumb":{"@id":"https:\/\/celindra.ro\/politica-gdpr\/#breadcrumb"},"inLanguage":"ro-RO","potentialAction":[{"@type":"ReadAction","target":["https:\/\/celindra.ro\/politica-gdpr\/"]}]},{"@type":"BreadcrumbList","@id":"https:\/\/celindra.ro\/politica-gdpr\/#breadcrumb","itemListElement":[{"@type":"ListItem","position":1,"name":"Home","item":"https:\/\/celindra.ro\/"},{"@type":"ListItem","position":2,"name":"Politica GDPR"}]},{"@type":"WebSite","@id":"https:\/\/celindra.ro\/#website","url":"https:\/\/celindra.ro\/","name":"Celindra","description":"","potentialAction":[{"@type":"SearchAction","target":{"@type":"EntryPoint","urlTemplate":"https:\/\/celindra.ro\/?s={search_term_string}"},"query-input":{"@type":"PropertyValueSpecification","valueRequired":true,"valueName":"search_term_string"}}],"inLanguage":"ro-RO"}]}},"tpgb_featured_images":null,"tpgb_post_meta_info":{"category_list":{"difl_page_category":false},"author_name":false,"author_url":"https:\/\/celindra.ro\/ro\/author\/eduardg\/","author_email":"eduard@faintechsolutions.com","author_website":"","author_description":"","author_facebook":"","author_twitter":"","author_instagram":"","author_role":["administrator"],"author_firstname":"Eduard","author_lastname":"","user_login":"EduardG","author_avatar":"<img alt='' src='https:\/\/secure.gravatar.com\/avatar\/dfc674fc7b250f0282e0717899e9e6821660ced095adf754f40789ec82da3af1?s=200&#038;d=mm&#038;r=g' srcset='https:\/\/secure.gravatar.com\/avatar\/dfc674fc7b250f0282e0717899e9e6821660ced095adf754f40789ec82da3af1?s=400&#038;d=mm&#038;r=g 2x' class='avatar avatar-200 photo' height='200' width='200' loading='lazy' decoding='async'\/>","author_avatar_url":"https:\/\/secure.gravatar.com\/avatar\/dfc674fc7b250f0282e0717899e9e6821660ced095adf754f40789ec82da3af1?s=96&d=mm&r=g","comment_count":0,"post_likes":0,"post_views":0},"tpgb_post_category":[],"_links":{"self":[{"href":"https:\/\/celindra.ro\/ro\/wp-json\/wp\/v2\/pages\/10983","targetHints":{"allow":["GET"]}}],"collection":[{"href":"https:\/\/celindra.ro\/ro\/wp-json\/wp\/v2\/pages"}],"about":[{"href":"https:\/\/celindra.ro\/ro\/wp-json\/wp\/v2\/types\/page"}],"author":[{"embeddable":true,"href":"https:\/\/celindra.ro\/ro\/wp-json\/wp\/v2\/users\/1589"}],"replies":[{"embeddable":true,"href":"https:\/\/celindra.ro\/ro\/wp-json\/wp\/v2\/comments?post=10983"}],"version-history":[{"count":3,"href":"https:\/\/celindra.ro\/ro\/wp-json\/wp\/v2\/pages\/10983\/revisions"}],"predecessor-version":[{"id":10986,"href":"https:\/\/celindra.ro\/ro\/wp-json\/wp\/v2\/pages\/10983\/revisions\/10986"}],"wp:attachment":[{"href":"https:\/\/celindra.ro\/ro\/wp-json\/wp\/v2\/media?parent=10983"}],"wp:term":[{"taxonomy":"difl_page_category","embeddable":true,"href":"https:\/\/celindra.ro\/ro\/wp-json\/wp\/v2\/difl_page_category?post=10983"}],"curies":[{"name":"wp","href":"https:\/\/api.w.org\/{rel}","templated":true}]}}